{"id":820,"date":"2018-08-25T23:42:20","date_gmt":"2018-08-25T21:42:20","guid":{"rendered":"http:\/\/hundeschule-fischlham.at\/?page_id=820"},"modified":"2022-01-10T20:51:52","modified_gmt":"2022-01-10T19:51:52","slug":"impressum","status":"publish","type":"page","link":"https:\/\/hundeschule-fischlham.at\/?page_id=820","title":{"rendered":"Impressum"},"content":{"rendered":"<p><span style=\"color: #008080; font-size: 24pt;\"><b>Impressum<\/b><\/span><\/p>\n<p>F\u00fcr diese Website verantwortlicher Herausgeber:<\/p>\n<p><b><span style=\"color: #000000;\">\u00d6GV Fischlham<\/span><br \/>\n<\/b>Telefon: +43 664 \/ 383 33 83<br \/>\nObmann: Markus Schedina<a href=\"mailto:kontakt@hundeschule-fischlham.at\"><br \/>\n<\/a>Internet:\u00a0<a href=\"http:\/\/www.hundeschule-fischlham.at\">www.hundeschule-fischlham.at<\/a><\/p>\n<p><strong><span style=\"color: #008080;\">Webdesign<\/span><\/strong><b><br \/>\n<\/b>Grabner Nico<\/p>\n<p><strong><span style=\"color: #008080;\">Rechtliches<\/span><\/strong><\/p>\n<p><i>1. Inhalt des Online-Angebotes<\/i><b><br \/>\n<\/b><\/p>\n<p>Wir sind bem\u00fcht, nur einwandfreie Informationen auf dieser Site anzubieten. Trotzdem sind Fehler nicht vollst\u00e4ndig auszuschlie\u00dfen. Der Autor \u00fcbernimmt keinerlei Gew\u00e4hr f\u00fcr die Aktualit\u00e4t, Korrektheit, Vollst\u00e4ndigkeit oder Qualit\u00e4t der bereitgestellten Informationen.<\/p>\n<p>Haftungsanspr\u00fcche gegen den Autor, welche sich auf Sch\u00e4den materieller oder ideeller Art beziehen, die durch die Nutzung oder Nichtnutzung der dargebotenen Informationen bzw. durch die Nutzung fehlerhafter und unvollst\u00e4ndiger Informationen verursacht wurden, sind gruns\u00e4tzlich ausgeschlossen, sofern seitens des Autors kein nachweislich vors\u00e4tzliches oder grob fahrl\u00e4ssiges Verschulden vorliegt.<\/p>\n<p>Alle Angebote sind freibleibend und unverbindlich. Der Autor beh\u00e4lt es sich ausdr\u00fccklich vor, Teile der Seiten oder das gesamte Angebot ohne gesonderte Ank\u00fcndigungen zu \u00e4ndern, zu erg\u00e4nzen, zu f\u00e4lschen oder die Ver\u00f6ffentlichung zeitweise oder endg\u00fcltig einzustellen.<\/p>\n<p><i>2. Verweise und Links<\/i><\/p>\n<p>Bei direkten oder indirekten Verweisen auf fremde Internetseiten (\u201eLinks\u201c), die au\u00dferhalb des Verantwortungsbereiches des Autors liegen, w\u00fcrde eine Haftungsverpflichtung ausschlie\u00dflich in dem Fall in Kraft treten, in dem der Autor von den Inhalten Kenntnis hat und es ihm technisch m\u00f6glich und zumutbar w\u00e4re, die Nutzung im Falle rechtswidriger Inhalte zu verhindern.<\/p>\n<p>Der Autor erkl\u00e4rt daher ausdr\u00fccklich, dass zum Zeitpunkt der Linksetzung die entsprechenden verlinkten Seiten frei von illegalen Inhalten waren. Der Autor hat keinerlei Einfluss auf die aktuelle und zuk\u00fcnftige Gestaltung und auf die Inhalte der gelinkten\/verkn\u00fcpften Seiten. Deshalb distanziert er sich hiermit ausdr\u00fccklich von allen Inhalten aller gelinkten \/verkn\u00fcpften Seiten, die nach der Linksetzung ver\u00e4ndert wurden. Diese Feststellung gilt f\u00fcr alle innerhalb des eigenen Internetangebotes gesetzten Links und Verweise sowie f\u00fcr Fremdeintr\u00e4ge in vom Autor eingerichteten G\u00e4steb\u00fcchern, Diskussionsforen und Mailinglisten.<\/p>\n<p><i>3. Urheber- und Kennzeichenrecht<\/i><\/p>\n<p>Der Autor ist bestrebt, in allen Publikationen die Urheberrechte der verwendeten Grafiken, Tondokumente, Videosequenzen und Texte zu beachten oder auf von ihm selbst erstelltes bzw. lizenzfreies Material zur\u00fcckzugreifen.<\/p>\n<p>Alle innerhalb des Internetangebotes genannten und ggf. durch Dritte gesch\u00fctzten Marken- und Warenzeichen unterliegen uneingeschr\u00e4nkt den Bestimmungen des jeweils g\u00fcltigen Kennzeichenrechts und den Besitzrechten der jeweiligen eingetragenen Eigent\u00fcmer. Allein aufgrund der blo\u00dfen Nennung ist nicht der Schluss zu ziehen, dass Markenzeichen nicht durch Rechte Dritter gesch\u00fctzt sind!<\/p>\n<p>Das Copyright f\u00fcr ver\u00f6ffentlichte, vom Autor selbst erstellte Objekte bleibt allein beim Autor der Seiten. Eine Vervielf\u00e4ltigung oder Verwendung solcher Grafiken, Tondokumente, Videosequenzen und Texte in anderen elektronischen oder gedruckten Publikationen ist ohne ausdr\u00fcckliche Zustimmung des Autors nicht gestattet.<\/p>\n<p><i>4. Rechtswirksamkeit dieses Haftungsausschlusses<\/i><\/p>\n<p>Dieser Haftungsausschluss ist als Teil des Internetangebotes zu betrachten, von dem aus auf diese Seite verwiesen wurde. Sofern Teile oder einzelne Formulierungen dieses Textes der geltenden Rechtslage nicht, nicht mehr oder nicht vollst\u00e4ndig entsprechen sollten, bleiben die \u00fcbrigen Teile des Dokumentes in ihrem Inhalt und ihrer G\u00fcltigkeit davon unber\u00fchrt.<\/p>\n","protected":false},"excerpt":{"rendered":"<p>Impressum F\u00fcr diese Website verantwortlicher Herausgeber: \u00d6GV Fischlham Telefon: +43 664 \/ 383 33 83 Obmann: Markus Schedina Internet:\u00a0www.hundeschule-fischlham.at Webdesign Grabner Nico Rechtliches 1. Inhalt des Online-Angebotes Wir sind bem\u00fcht, nur einwandfreie Informationen auf dieser Site anzubieten. Trotzdem sind Fehler nicht vollst\u00e4ndig auszuschlie\u00dfen. Der Autor \u00fcbernimmt keinerlei Gew\u00e4hr f\u00fcr die\u2026<\/p>\n<p> <a class=\"continue-reading-link\" href=\"https:\/\/hundeschule-fischlham.at\/?page_id=820\"><span>Continue reading<\/span><i class=\"crycon-right-dir\"><\/i><\/a> <\/p>\n","protected":false},"author":2,"featured_media":0,"parent":0,"menu_order":0,"comment_status":"closed","ping_status":"closed","template":"templates\/template-onecolumn.php","meta":{"footnotes":""},"class_list":["post-820","page","type-page","status-publish","hentry"],"jetpack_sharing_enabled":true,"_links":{"self":[{"href":"https:\/\/hundeschule-fischlham.at\/index.php?rest_route=\/wp\/v2\/pages\/820","targetHints":{"allow":["GET"]}}],"collection":[{"href":"https:\/\/hundeschule-fischlham.at\/index.php?rest_route=\/wp\/v2\/pages"}],"about":[{"href":"https:\/\/hundeschule-fischlham.at\/index.php?rest_route=\/wp\/v2\/types\/page"}],"author":[{"embeddable":true,"href":"https:\/\/hundeschule-fischlham.at\/index.php?rest_route=\/wp\/v2\/users\/2"}],"replies":[{"embeddable":true,"href":"https:\/\/hundeschule-fischlham.at\/index.php?rest_route=%2Fwp%2Fv2%2Fcomments&post=820"}],"version-history":[{"count":6,"href":"https:\/\/hundeschule-fischlham.at\/index.php?rest_route=\/wp\/v2\/pages\/820\/revisions"}],"predecessor-version":[{"id":2083,"href":"https:\/\/hundeschule-fischlham.at\/index.php?rest_route=\/wp\/v2\/pages\/820\/revisions\/2083"}],"wp:attachment":[{"href":"https:\/\/hundeschule-fischlham.at\/index.php?rest_route=%2Fwp%2Fv2%2Fmedia&parent=820"}],"curies":[{"name":"wp","href":"https:\/\/api.w.org\/{rel}","templated":true}]}}