{"id":64,"date":"2015-09-28T21:23:30","date_gmt":"2015-09-28T19:23:30","guid":{"rendered":"http:\/\/localhost:8888\/hundeschule\/?page_id=64"},"modified":"2021-01-31T10:51:03","modified_gmt":"2021-01-31T09:51:03","slug":"fortgeschrittene-bgh-3","status":"publish","type":"page","link":"https:\/\/hundeschule-fischlham.at\/?page_id=64","title":{"rendered":"Fortgeschrittene BGH 3"},"content":{"rendered":"<p align=\"left\">\n<p align=\"left\"><span style=\"color: #ffffff;\">1<\/span><\/p>\n<p align=\"left\"><strong>Begleithundekurs 3:<\/strong><\/p>\n<p align=\"left\">Der Begleithundekurs 3 ist die Fortsetzung nach dem erfolgreichen Abschluss des Begleithundekurses 2.<\/p>\n<p align=\"left\">Was wird gelernt?<\/p>\n<ul>\n<li>\n<div align=\"left\">Es wird nur mehr OHNE Leine gegangen<\/div>\n<\/li>\n<li>\n<div align=\"left\">Apportieren \u00fcber die Schr\u00e4gwand<\/div>\n<\/li>\n<li>\n<div align=\"left\">\u00dcbung Steh aus der Bewegung<\/div>\n<\/li>\n<\/ul>\n","protected":false},"excerpt":{"rendered":"<p>1 Begleithundekurs 3: Der Begleithundekurs 3 ist die Fortsetzung nach dem erfolgreichen Abschluss des Begleithundekurses 2. Was wird gelernt? Es wird nur mehr OHNE Leine gegangen Apportieren \u00fcber die Schr\u00e4gwand \u00dcbung Steh aus der Bewegung<\/p>\n<p> <a class=\"continue-reading-link\" href=\"https:\/\/hundeschule-fischlham.at\/?page_id=64\"><span>Continue reading<\/span><i class=\"crycon-right-dir\"><\/i><\/a> <\/p>\n","protected":false},"author":2,"featured_media":0,"parent":5,"menu_order":6,"comment_status":"closed","ping_status":"closed","template":"templates\/template-onecolumn.php","meta":{"footnotes":""},"class_list":["post-64","page","type-page","status-publish","hentry"],"jetpack_sharing_enabled":true,"_links":{"self":[{"href":"https:\/\/hundeschule-fischlham.at\/index.php?rest_route=\/wp\/v2\/pages\/64","targetHints":{"allow":["GET"]}}],"collection":[{"href":"https:\/\/hundeschule-fischlham.at\/index.php?rest_route=\/wp\/v2\/pages"}],"about":[{"href":"https:\/\/hundeschule-fischlham.at\/index.php?rest_route=\/wp\/v2\/types\/page"}],"author":[{"embeddable":true,"href":"https:\/\/hundeschule-fischlham.at\/index.php?rest_route=\/wp\/v2\/users\/2"}],"replies":[{"embeddable":true,"href":"https:\/\/hundeschule-fischlham.at\/index.php?rest_route=%2Fwp%2Fv2%2Fcomments&post=64"}],"version-history":[{"count":10,"href":"https:\/\/hundeschule-fischlham.at\/index.php?rest_route=\/wp\/v2\/pages\/64\/revisions"}],"predecessor-version":[{"id":1243,"href":"https:\/\/hundeschule-fischlham.at\/index.php?rest_route=\/wp\/v2\/pages\/64\/revisions\/1243"}],"up":[{"embeddable":true,"href":"https:\/\/hundeschule-fischlham.at\/index.php?rest_route=\/wp\/v2\/pages\/5"}],"wp:attachment":[{"href":"https:\/\/hundeschule-fischlham.at\/index.php?rest_route=%2Fwp%2Fv2%2Fmedia&parent=64"}],"curies":[{"name":"wp","href":"https:\/\/api.w.org\/{rel}","templated":true}]}}