{"id":61,"date":"2015-09-28T21:20:00","date_gmt":"2015-09-28T19:20:00","guid":{"rendered":"http:\/\/localhost:8888\/hundeschule\/?page_id=61"},"modified":"2017-08-18T18:54:20","modified_gmt":"2017-08-18T16:54:20","slug":"faehrte","status":"publish","type":"page","link":"https:\/\/hundeschule-fischlham.at\/?page_id=61","title":{"rendered":"F\u00e4hrte"},"content":{"rendered":"<p align=\"left\">F\u00fcr uns Menschen kaum vorstellbare Leistungen vollbringen Hunde mit ihrer hochentwickelten, mit Millionen von Riechzellen ausgestatteten Nase. Das gesamte Potential dieser F\u00e4higkeiten wird im Hundesport beim Ausarbeiten einer F\u00e4hrte gefordert und gefestigt.<\/p>\n<p align=\"left\">Bei der F\u00e4hrtenarbeit soll der Hund seinen Sp\u00fcrsinn und Geruchssinn unter Beweis stellen. Dabei folgt der Hund vor allem einer Spur, die durch Bodenverletzungen beim Gehen entsteht.<\/p>\n<p align=\"left\">Die F\u00e4hrtenarbeit ist eine Ausbildung, die dem Hund viel Spa\u00df bereiten kann, und dem Hundef\u00fchrer viel Flei\u00df abverlangt. Die Ausbildung kann nicht auf den \u00dcbungspl\u00e4tzen stattfinden, sondern in unterschiedlichstem Gel\u00e4nde, sodass der Hund mit den verschiedensten nat\u00fcrlichen Bodengegenheiten in Kontakt kommen kann.<\/p>\n<p align=\"left\">Durch die Bodenverletzungen beim Gehen entsteht eine Geruchsspur, die der Hund bei der F\u00e4hrtenarbeit verfolgt. Dieses Geruchsbild entsteht durch: besch\u00e4digte Erdoberfl\u00e4che, zertretene Gr\u00e4ser und Planzen.<\/p>\n<p align=\"left\">Die Grundlagen f\u00fcr den Arbeitseifer, den unbedingten Willen, die F\u00e4hrte vom Abgang bis zum Endgegenstand mit tiefer Nase ohne abzuirren zu verfolgen, wird schon in der fr\u00fchesten Jugend des Hundes gelegt. Jedoch auch erwachsene Hund finden Spa\u00df und Freude an der Nasenarbeit.<\/p>\n<p align=\"left\">F\u00fcr den Erfolg einer positiven F\u00e4hrtenarbeit ist Teamwork zwischen Hund und Hundef\u00fchrer eine unbedingte Voraussetzung.<\/p>\n<p align=\"left\">Im Gebrauchshundesport unterscheiden wir zwischen F\u00e4hrtenhundesport (FH) und der F\u00e4hrte im IPO Bereich (Schutzhundesport)<\/p>\n","protected":false},"excerpt":{"rendered":"<p>F\u00fcr uns Menschen kaum vorstellbare Leistungen vollbringen Hunde mit ihrer hochentwickelten, mit Millionen von Riechzellen ausgestatteten Nase. Das gesamte Potential dieser F\u00e4higkeiten wird im Hundesport beim Ausarbeiten einer F\u00e4hrte gefordert und gefestigt. Bei der F\u00e4hrtenarbeit soll der Hund seinen Sp\u00fcrsinn und Geruchssinn unter Beweis stellen. Dabei folgt der Hund vor\u2026<\/p>\n<p> <a class=\"continue-reading-link\" href=\"https:\/\/hundeschule-fischlham.at\/?page_id=61\"><span>Continue reading<\/span><i class=\"crycon-right-dir\"><\/i><\/a> <\/p>\n","protected":false},"author":2,"featured_media":0,"parent":5,"menu_order":8,"comment_status":"closed","ping_status":"closed","template":"templates\/template-onecolumn.php","meta":{"footnotes":""},"class_list":["post-61","page","type-page","status-publish","hentry"],"jetpack_sharing_enabled":true,"_links":{"self":[{"href":"https:\/\/hundeschule-fischlham.at\/index.php?rest_route=\/wp\/v2\/pages\/61","targetHints":{"allow":["GET"]}}],"collection":[{"href":"https:\/\/hundeschule-fischlham.at\/index.php?rest_route=\/wp\/v2\/pages"}],"about":[{"href":"https:\/\/hundeschule-fischlham.at\/index.php?rest_route=\/wp\/v2\/types\/page"}],"author":[{"embeddable":true,"href":"https:\/\/hundeschule-fischlham.at\/index.php?rest_route=\/wp\/v2\/users\/2"}],"replies":[{"embeddable":true,"href":"https:\/\/hundeschule-fischlham.at\/index.php?rest_route=%2Fwp%2Fv2%2Fcomments&post=61"}],"version-history":[{"count":1,"href":"https:\/\/hundeschule-fischlham.at\/index.php?rest_route=\/wp\/v2\/pages\/61\/revisions"}],"predecessor-version":[{"id":336,"href":"https:\/\/hundeschule-fischlham.at\/index.php?rest_route=\/wp\/v2\/pages\/61\/revisions\/336"}],"up":[{"embeddable":true,"href":"https:\/\/hundeschule-fischlham.at\/index.php?rest_route=\/wp\/v2\/pages\/5"}],"wp:attachment":[{"href":"https:\/\/hundeschule-fischlham.at\/index.php?rest_route=%2Fwp%2Fv2%2Fmedia&parent=61"}],"curies":[{"name":"wp","href":"https:\/\/api.w.org\/{rel}","templated":true}]}}