{"id":58,"date":"2015-09-28T21:19:16","date_gmt":"2015-09-28T19:19:16","guid":{"rendered":"http:\/\/localhost:8888\/hundeschule\/?page_id=58"},"modified":"2021-01-31T10:51:15","modified_gmt":"2021-01-31T09:51:15","slug":"breitensport","status":"publish","type":"page","link":"https:\/\/hundeschule-fischlham.at\/?page_id=58","title":{"rendered":"Breitensport"},"content":{"rendered":"<p align=\"left\"><strong><u>Breitensport ist ein Sport f\u00fcr alle Hunde und Hundef\u00fchrer, egal ob Kinder, Jugendliche, Aktive oder Senioren.<\/u><\/strong><\/p>\n<p align=\"left\">Der Breitensport bietet die M\u00f6glichkeiten zu spontanen, spielerisch aufgebauten sportlichen Handlungen zusammen mit dem Hund. Durch den betont lockeren Aufbau hat insbesondere die Jugend, die hier schnelle Erfolgserlebnisse erzielen kann, zum Sport mit dem Hund gefunden. Eine Sportart f\u00fcr die ganze Familie. Sport mit dem Hund macht einfach allen Beteiligten Spa\u00df. Breitensport bedeutet aktive Gestaltung der Freizeit und steht f\u00fcr die Begriffe, sportliche Ert\u00fcchtigung, Wettkampferlebnis, Erfolg und Niederlage, kurz der Breitensport sollte f\u00fcr den Hundefreund die herrlichste Nebensache der Welt sein. Eine gerechte und an den Hundef\u00fchrer angepasste Bewertung wird durch die Einteilung in verschiedenen Altersklassen gew\u00e4hrleistet. Wir wollen mit dem Breitensport allen Hundehaltern ein attraktives Angebot zur sportlichen Bet\u00e4tigung machen. Der Hund als Partner erf\u00e4hrt gleichzeitig die heute f\u00fcr den Alltag so wichtige Erziehung.<\/p>\n<p align=\"left\">Breitensport ist ein Mehrdisziplinen Bewerb. Er setzt sich aus vier Disziplinen zusammen: Unterordnung, H\u00fcrdenlauf, Slalom und Hindernislauf. Wobei beim H\u00fcrdenlauf und Slalom auch der Hundef\u00fchrer \u00fcber die H\u00fcrden und durch die, \u00e4hnlich einem Riesentorlauf, gesteckten Stangen laufen muss. Bei dieser Sportart wird auch die Laufzeit des Hundef\u00fchrers gemessen. Der Erste, egal ob Hund oder Herrl, der durch die Startlichtschranke l\u00e4uft startet die Zeit. Am Ende der Strecke wird die Zeit vom Letzten, welcher durch die Ziellichtschranke l\u00e4uft, angehalten.<\/p>\n<p align=\"left\">Die Bewertung erfolgt \u00fcber ein Punktesystem. Die vier Disziplinen bleiben bei jedem Wettkampf gleich. Auch die Aufstellung und L\u00e4nge der einzelnen Bahnen sind gleich. Die Unterordnung wird von einem Richter bewertet und es werden bis zu 60 Punkte vergeben. Bei den Laufbewerben hat man eine festgelegte Punkteanzahl, von welcher dann die Laufzeit abgezogen wird. Das Team mit den meisten Punkten hat gewonnen?<\/p>\n<p align=\"left\"><u><em>Kurz gesagt<\/em><\/u><\/p>\n<p align=\"left\"><strong>Bei allen Disziplinen des Breitensports ist die Teamarbeit Hundef\u00fchrer und Hund, sowie Schnelligkeit, Pr\u00e4zision und Gehorsam gefragt. Das Wichtigste jedoch ist der Spa\u00df, die der Hundef\u00fchrer, der Hund und auch die Zuseher &#8211; also einfach Alle &#8211; bei dieser Sportart haben.<\/strong><\/p>\n","protected":false},"excerpt":{"rendered":"<p>Breitensport ist ein Sport f\u00fcr alle Hunde und Hundef\u00fchrer, egal ob Kinder, Jugendliche, Aktive oder Senioren. Der Breitensport bietet die M\u00f6glichkeiten zu spontanen, spielerisch aufgebauten sportlichen Handlungen zusammen mit dem Hund. Durch den betont lockeren Aufbau hat insbesondere die Jugend, die hier schnelle Erfolgserlebnisse erzielen kann, zum Sport mit dem\u2026<\/p>\n<p> <a class=\"continue-reading-link\" href=\"https:\/\/hundeschule-fischlham.at\/?page_id=58\"><span>Continue reading<\/span><i class=\"crycon-right-dir\"><\/i><\/a> <\/p>\n","protected":false},"author":2,"featured_media":0,"parent":5,"menu_order":7,"comment_status":"closed","ping_status":"closed","template":"templates\/template-onecolumn.php","meta":{"footnotes":""},"class_list":["post-58","page","type-page","status-publish","hentry"],"jetpack_sharing_enabled":true,"_links":{"self":[{"href":"https:\/\/hundeschule-fischlham.at\/index.php?rest_route=\/wp\/v2\/pages\/58","targetHints":{"allow":["GET"]}}],"collection":[{"href":"https:\/\/hundeschule-fischlham.at\/index.php?rest_route=\/wp\/v2\/pages"}],"about":[{"href":"https:\/\/hundeschule-fischlham.at\/index.php?rest_route=\/wp\/v2\/types\/page"}],"author":[{"embeddable":true,"href":"https:\/\/hundeschule-fischlham.at\/index.php?rest_route=\/wp\/v2\/users\/2"}],"replies":[{"embeddable":true,"href":"https:\/\/hundeschule-fischlham.at\/index.php?rest_route=%2Fwp%2Fv2%2Fcomments&post=58"}],"version-history":[{"count":11,"href":"https:\/\/hundeschule-fischlham.at\/index.php?rest_route=\/wp\/v2\/pages\/58\/revisions"}],"predecessor-version":[{"id":2132,"href":"https:\/\/hundeschule-fischlham.at\/index.php?rest_route=\/wp\/v2\/pages\/58\/revisions\/2132"}],"up":[{"embeddable":true,"href":"https:\/\/hundeschule-fischlham.at\/index.php?rest_route=\/wp\/v2\/pages\/5"}],"wp:attachment":[{"href":"https:\/\/hundeschule-fischlham.at\/index.php?rest_route=%2Fwp%2Fv2%2Fmedia&parent=58"}],"curies":[{"name":"wp","href":"https:\/\/api.w.org\/{rel}","templated":true}]}}