{"id":378,"date":"2017-03-20T22:24:45","date_gmt":"2017-03-20T21:24:45","guid":{"rendered":"http:\/\/hundeschule-fischlham.at\/?page_id=378"},"modified":"2026-01-08T20:46:27","modified_gmt":"2026-01-08T19:46:27","slug":"kurszeiten-und-preise","status":"publish","type":"page","link":"https:\/\/hundeschule-fischlham.at\/?page_id=378","title":{"rendered":"Kurszeiten und Preise"},"content":{"rendered":"\n<p class=\"has-very-dark-gray-color has-text-color has-background\" style=\"background-color:#1ec8bb;font-size:24px\"><strong>Kurszeiten<\/strong> <strong>&#8211; g\u00fcltig im Fr\u00fchjahrskurs 2026<\/strong><\/p>\n\n\n\n<figure class=\"wp-block-table aligncenter is-style-stripes\"><table class=\"has-cyan-bluish-gray-background-color has-background has-fixed-layout\"><tbody><tr><td class=\"has-text-align-left\" data-align=\"left\"><\/td><td class=\"has-text-align-center\" data-align=\"center\"><\/td><td><strong>Dienstag<\/strong><\/td><td class=\"has-text-align-center\" data-align=\"center\"><strong>Mittwoch<\/strong>                <\/td><td class=\"has-text-align-center\" data-align=\"center\"><strong>Samstag<\/strong>                <\/td><\/tr><tr><td class=\"has-text-align-left\" data-align=\"left\">Welpen<br><\/td><td class=\"has-text-align-center\" data-align=\"center\"><\/td><td><\/td><td class=\"has-text-align-center\" data-align=\"center\">18:00h bis 19:00h    <\/td><td class=\"has-text-align-center\" data-align=\"center\">13:00h bis 15:00h<\/td><\/tr><tr><td class=\"has-text-align-left\" data-align=\"left\">Anf\u00e4nger \/ Junghunde<\/td><td class=\"has-text-align-center\" data-align=\"center\"><\/td><td><\/td><td class=\"has-text-align-center\" data-align=\"center\">18.00h bis 19:00h<\/td><td class=\"has-text-align-center\" data-align=\"center\">13:00h bis 15:00h<\/td><\/tr><tr><td class=\"has-text-align-left\" data-align=\"left\">Begleithunde (BH)<\/td><td class=\"has-text-align-center\" data-align=\"center\"><\/td><td><\/td><td class=\"has-text-align-center\" data-align=\"center\">18:00h bis 19:00h<\/td><td class=\"has-text-align-center\" data-align=\"center\">12:30h bis 15:00h<\/td><\/tr><tr><td class=\"has-text-align-left\" data-align=\"left\">BGH 1<\/td><td class=\"has-text-align-center\" data-align=\"center\"><\/td><td><\/td><td class=\"has-text-align-center\" data-align=\"center\">18:00h bis 19:00h<\/td><td class=\"has-text-align-center\" data-align=\"center\">12:30h bis 14:30h<\/td><\/tr><tr><td class=\"has-text-align-left\" data-align=\"left\">BGH 2<\/td><td class=\"has-text-align-center\" data-align=\"center\"><\/td><td><\/td><td class=\"has-text-align-center\" data-align=\"center\">ab 16:30h<\/td><td class=\"has-text-align-center\" data-align=\"center\">ab 14:30h<\/td><\/tr><tr><td class=\"has-text-align-left\" data-align=\"left\">BGH 3<\/td><td class=\"has-text-align-center\" data-align=\"center\"><\/td><td><\/td><td class=\"has-text-align-center\" data-align=\"center\">ab 16:30h<\/td><td class=\"has-text-align-center\" data-align=\"center\">ab 14:30h<\/td><\/tr><tr><td class=\"has-text-align-left\" data-align=\"left\">Fit4Fun<\/td><td class=\"has-text-align-center\" data-align=\"center\"><\/td><td><\/td><td class=\"has-text-align-center\" data-align=\"center\"><\/td><td class=\"has-text-align-center\" data-align=\"center\">ab 16:00h<\/td><\/tr><\/tbody><\/table><\/figure>\n\n\n\n<p><\/p>\n\n\n\n<div><br><\/div>\n\n\n\n<hr class=\"wp-block-separator has-alpha-channel-opacity is-style-wide\"\/>\n\n\n\n<p class=\"has-background\" style=\"background-color:#1ec8bb;font-size:24px\"><strong>Preise<\/strong><\/p>\n\n\n\n<figure class=\"wp-block-table is-style-stripes\"><table class=\"has-cyan-bluish-gray-background-color has-background\"><tbody><tr><td>Welpen<\/td><td>\u20ac 60,-<\/td><\/tr><tr><td>Anf\u00e4nger und Junghunde<\/td><td>\u20ac 60,-<\/td><\/tr><tr><td>BH, BGH 1, BGH 2, BGH 3 <\/td><td>\u20ac 60,-<\/td><\/tr><tr><td>Fit4Fun<\/td><td>\u20ac 40,-<\/td><\/tr><tr><td>Mitgliedsbeitrag \/ pro Jahr<\/td><td>\u20ac 35,-<\/td><\/tr><\/tbody><\/table><\/figure>\n\n\n\n<p>Die Kurspreise verstehen sich pro gesamten Kurs<\/p>\n","protected":false},"excerpt":{"rendered":"<p>Kurszeiten &#8211; g\u00fcltig im Fr\u00fchjahrskurs 2026 Dienstag Mittwoch Samstag Welpen 18:00h bis 19:00h 13:00h bis 15:00h Anf\u00e4nger \/ Junghunde 18.00h bis 19:00h 13:00h bis 15:00h Begleithunde (BH) 18:00h bis 19:00h 12:30h bis 15:00h BGH 1 18:00h bis 19:00h 12:30h bis 14:30h BGH 2 ab 16:30h ab 14:30h BGH 3 ab\u2026<\/p>\n<p> <a class=\"continue-reading-link\" href=\"https:\/\/hundeschule-fischlham.at\/?page_id=378\"><span>Continue reading<\/span><i class=\"crycon-right-dir\"><\/i><\/a> <\/p>\n","protected":false},"author":2,"featured_media":0,"parent":5,"menu_order":0,"comment_status":"closed","ping_status":"closed","template":"","meta":{"footnotes":""},"class_list":["post-378","page","type-page","status-publish","hentry"],"jetpack_sharing_enabled":true,"_links":{"self":[{"href":"https:\/\/hundeschule-fischlham.at\/index.php?rest_route=\/wp\/v2\/pages\/378","targetHints":{"allow":["GET"]}}],"collection":[{"href":"https:\/\/hundeschule-fischlham.at\/index.php?rest_route=\/wp\/v2\/pages"}],"about":[{"href":"https:\/\/hundeschule-fischlham.at\/index.php?rest_route=\/wp\/v2\/types\/page"}],"author":[{"embeddable":true,"href":"https:\/\/hundeschule-fischlham.at\/index.php?rest_route=\/wp\/v2\/users\/2"}],"replies":[{"embeddable":true,"href":"https:\/\/hundeschule-fischlham.at\/index.php?rest_route=%2Fwp%2Fv2%2Fcomments&post=378"}],"version-history":[{"count":9,"href":"https:\/\/hundeschule-fischlham.at\/index.php?rest_route=\/wp\/v2\/pages\/378\/revisions"}],"predecessor-version":[{"id":2184,"href":"https:\/\/hundeschule-fischlham.at\/index.php?rest_route=\/wp\/v2\/pages\/378\/revisions\/2184"}],"up":[{"embeddable":true,"href":"https:\/\/hundeschule-fischlham.at\/index.php?rest_route=\/wp\/v2\/pages\/5"}],"wp:attachment":[{"href":"https:\/\/hundeschule-fischlham.at\/index.php?rest_route=%2Fwp%2Fv2%2Fmedia&parent=378"}],"curies":[{"name":"wp","href":"https:\/\/api.w.org\/{rel}","templated":true}]}}