{"id":2106,"date":"2024-12-22T22:43:46","date_gmt":"2024-12-22T21:43:46","guid":{"rendered":"https:\/\/hundeschule-fischlham.at\/?page_id=2106"},"modified":"2026-03-08T23:02:08","modified_gmt":"2026-03-08T22:02:08","slug":"alltagstauglichkeit","status":"publish","type":"page","link":"https:\/\/hundeschule-fischlham.at\/?page_id=2106","title":{"rendered":"Alltagstauglichkeit"},"content":{"rendered":"\n<p>Alle wichtigen Informationen zum neuen Hundehaltegesetz, g\u00fcltig ab 1.12.2024, findest du hier:<br><a href=\"https:\/\/www.land-oberoesterreich.gv.at\/538095.htm\" target=\"_blank\" rel=\"noreferrer noopener\">https:\/\/www.land-oberoesterreich.gv.at\/538095.htm<\/a><\/p>\n\n\n\n<p><strong>Die Anmeldung zu den Terminen ist erst mit ausgef\u00fclltem Anmeldeformular und der Einzahlung von 120 Euro (Trainings- und Pr\u00fcfungsgeb\u00fchr) g\u00fcltig!<\/strong><\/p>\n\n\n\n<p><strong>Anmeldungen ausschlie\u00dflich per Email an&nbsp;<a href=\"mailto:info@hundeschule-fischlham.at\">info@hundeschule-fischlham.at<\/a><\/strong><\/p>\n\n\n\n<div style=\"height:30px\" aria-hidden=\"true\" class=\"wp-block-spacer\"><\/div>\n\n\n\n<div class=\"wp-block-file aligncenter has-background\" style=\"background-color:#7bdbb596\"><a id=\"wp-block-file--media-7384b730-9865-4ccd-a5b3-e0d22393ab3b\" href=\"https:\/\/hundeschule-fischlham.at\/wp-content\/uploads\/2025\/07\/Anmeldung-Alltagstauglichkeitspruefung.pdf\" target=\"_blank\" rel=\"noreferrer noopener\">Anmeldung Alltagstauglichkeitspr\u00fcfung<\/a><a href=\"https:\/\/hundeschule-fischlham.at\/wp-content\/uploads\/2025\/07\/Anmeldung-Alltagstauglichkeitspruefung.pdf\" class=\"wp-block-file__button wp-element-button\" download aria-describedby=\"wp-block-file--media-7384b730-9865-4ccd-a5b3-e0d22393ab3b\">Herunterladen<\/a><\/div>\n\n\n\n<div style=\"height:40px\" aria-hidden=\"true\" class=\"wp-block-spacer\"><\/div>\n\n\n\n<p class=\"has-medium-font-size\"><strong>Unsere Kurs- bzw. Pr\u00fcfungstermine<\/strong><\/p>\n\n\n\n<p>Training: 2.5.2026 + 9.5.2026 von 12 \u2013 13 Uhr&nbsp;<\/p>\n\n\n\n<p>Pr\u00fcfung: 17.5.2026 um 14 Uhr<\/p>\n\n\n\n<p>Kosten: 120 Euro inkl. Pr\u00fcfungsgeb\u00fchr<\/p>\n<p>&nbsp;<\/p>\n\n\n\n<div style=\"height:30px\" aria-hidden=\"true\" class=\"wp-block-spacer\"><\/div>\n\n\n\n<h5><strong>Zum Training bitte mitbringen:<\/strong><\/h5>\n<ul>\n<li>F\u00fchrleine &#8211; max. 1,5 Meter (keine Flexileine!)<\/li>\n<li>Leckerlis<\/li>\n<li>Passender, gesetzeskonformer Maulkorb<\/li>\n<li>Halsband oder Brustgeschirr<\/li>\n<\/ul>\n\n\n\n<div style=\"height:25px\" aria-hidden=\"true\" class=\"wp-block-spacer\"><\/div>\n\n\n\n<h5><strong>Zur Pr\u00fcfung bitte zus\u00e4tzlich mitbringen:<\/strong><\/h5>\n<ul>\n<li>Sachkundenachweis<\/li>\n<li>Registrierungsnachweis in der Heimtierdatenbank<\/li>\n<li>Versicherungsnachweis<\/li>\n<\/ul>\n\n\n\n\n\n\n","protected":false},"excerpt":{"rendered":"<p>Alle wichtigen Informationen zum neuen Hundehaltegesetz, g\u00fcltig ab 1.12.2024, findest du hier:https:\/\/www.land-oberoesterreich.gv.at\/538095.htm Die Anmeldung zu den Terminen ist erst mit ausgef\u00fclltem Anmeldeformular und der Einzahlung von 120 Euro (Trainings- und Pr\u00fcfungsgeb\u00fchr) g\u00fcltig! Anmeldungen ausschlie\u00dflich per Email an&nbsp;info@hundeschule-fischlham.at Unsere Kurs- bzw. Pr\u00fcfungstermine Training: 2.5.2026 + 9.5.2026 von 12 \u2013 13 Uhr&nbsp;\u2026<\/p>\n<p> <a class=\"continue-reading-link\" href=\"https:\/\/hundeschule-fischlham.at\/?page_id=2106\"><span>Continue reading<\/span><i class=\"crycon-right-dir\"><\/i><\/a> <\/p>\n","protected":false},"author":2,"featured_media":0,"parent":0,"menu_order":12,"comment_status":"closed","ping_status":"closed","template":"","meta":{"footnotes":""},"class_list":["post-2106","page","type-page","status-publish","hentry"],"jetpack_sharing_enabled":true,"_links":{"self":[{"href":"https:\/\/hundeschule-fischlham.at\/index.php?rest_route=\/wp\/v2\/pages\/2106","targetHints":{"allow":["GET"]}}],"collection":[{"href":"https:\/\/hundeschule-fischlham.at\/index.php?rest_route=\/wp\/v2\/pages"}],"about":[{"href":"https:\/\/hundeschule-fischlham.at\/index.php?rest_route=\/wp\/v2\/types\/page"}],"author":[{"embeddable":true,"href":"https:\/\/hundeschule-fischlham.at\/index.php?rest_route=\/wp\/v2\/users\/2"}],"replies":[{"embeddable":true,"href":"https:\/\/hundeschule-fischlham.at\/index.php?rest_route=%2Fwp%2Fv2%2Fcomments&post=2106"}],"version-history":[{"count":10,"href":"https:\/\/hundeschule-fischlham.at\/index.php?rest_route=\/wp\/v2\/pages\/2106\/revisions"}],"predecessor-version":[{"id":2187,"href":"https:\/\/hundeschule-fischlham.at\/index.php?rest_route=\/wp\/v2\/pages\/2106\/revisions\/2187"}],"wp:attachment":[{"href":"https:\/\/hundeschule-fischlham.at\/index.php?rest_route=%2Fwp%2Fv2%2Fmedia&parent=2106"}],"curies":[{"name":"wp","href":"https:\/\/api.w.org\/{rel}","templated":true}]}}